{"id":187526,"date":"2025-07-01T14:04:01","date_gmt":"2025-07-01T12:04:01","guid":{"rendered":"https:\/\/comunicacion.umh.es\/?page_id=187526"},"modified":"2026-04-02T13:09:13","modified_gmt":"2026-04-02T11:09:13","slug":"videos-institucionales-umh","status":"publish","type":"page","link":"https:\/\/comunicacion.umh.es\/ca\/videos-institucionales-umh\/","title":{"rendered":"V\u00eddeos Institucionals UMH"},"content":{"rendered":"<p><iframe  style=\"display: block; margin: 0px auto;\"  id=\"_ytid_71223\"  width=\"480\" height=\"270\"  data-origwidth=\"480\" data-origheight=\"270\" src=\"https:\/\/www.youtube.com\/embed\/-AH82CGNURg?enablejsapi=1&autoplay=0&cc_load_policy=0&cc_lang_pref=&iv_load_policy=1&loop=0&modestbranding=0&rel=1&fs=1&playsinline=0&autohide=2&theme=dark&color=red&controls=1&\" class=\"__youtube_prefs__  no-lazyload\" title=\"YouTube player\"  allow=\"accelerometer; autoplay; clipboard-write; encrypted-media; gyroscope; picture-in-picture\" allowfullscreen data-no-lazy=\"1\" data-skipgform_ajax_framebjll=\"\"><\/iframe><br \/>\n&nbsp;<\/p>\n<ul>\n<li><a href=\"https:\/\/a3w-umh.odilo.es\/portalArchivo\/registro?id=00153790\">V\u00eddeo institucional UMH 2024 (versi\u00f3 2 minuts) Castell\u00e0&nbsp;<\/a><\/li>\n<li><a href=\"https:\/\/a3w-umh.odilo.es\/portalArchivo\/registro?id=00028694\">V\u00eddeo institucional UMH 2024 (versi\u00f3 4 minuts) Castell\u00e0&nbsp;<\/a><\/li>\n<li><a href=\"https:\/\/a3w-umh.odilo.es\/portalArchivo\/registro?id=00028696\">V\u00eddeo institucional UMH 2024 (versi\u00f3 8 minuts) Castell\u00e0<\/a>&nbsp;<\/li>\n<\/ul>\n<ul>\n<li><a href=\"https:\/\/a3w-umh.odilo.es\/portalArchivo\/registro?id=00153791\">V\u00eddeo institucional UMH 2024 (versi\u00f3 2 minutos) Valenci\u00e0&nbsp;<\/a><\/li>\n<li><a href=\"https:\/\/a3w-umh.odilo.es\/portalArchivo\/registro?id=00044355\">V\u00eddeo institucional UMH 2024 (versi\u00f3 4 minuts) Valenci\u00e0<\/a>&nbsp; &nbsp;<\/li>\n<li><a href=\"https:\/\/a3w-umh.odilo.es\/portalArchivo\/registro?id=00028689\">V\u00eddeo institucional UMH 2024 (versi\u00f3 8 minuts) Valenci\u00e0<\/a>&nbsp;<\/li>\n<\/ul>\n<ul>\n<li><a href=\"https:\/\/a3w-umh.odilo.es\/portalArchivo\/registro?id=00153792\">V\u00eddeo institucional UMH 2024 (versi\u00f3 2 minuts) Angl\u00e9s&nbsp;<\/a><\/li>\n<li><a href=\"https:\/\/a3w-umh.odilo.es\/portalArchivo\/registro?id=00028687\">V\u00eddeo institucional UMH 2024 (versi\u00f3 4 minuts) Angl\u00e9s<\/a><\/li>\n<li><a href=\"https:\/\/a3w-umh.odilo.es\/portalArchivo\/registro?id=00028688\">V\u00eddeo institucional UMH 2024 (versi\u00f3 8 minuts) Angl\u00e9s<\/a><\/li>\n<\/ul>\n<ul>\n<li><a href=\"https:\/\/a3w-umh.odilo.es\/portalArchivo\/registro?id=00028699\">V\u00eddeo institucional UMH 2024 (versi\u00f3 4 minuts) Alemany&nbsp;<\/a><\/li>\n<li><a href=\"https:\/\/a3w-umh.odilo.es\/portalArchivo\/registro?id=00028700\">V\u00eddeo institucional UMH 2024 (versi\u00f3 8 minuts) Alemany&nbsp;<\/a><\/li>\n<\/ul>\n<ul>\n<li><a href=\"https:\/\/a3w-umh.odilo.es\/portalArchivo\/registro?id=00028701\">V\u00eddeo institucional UMH 2024 (versi\u00f3 4 minuts) Franc\u00e9s<\/a><\/li>\n<li><a href=\"https:\/\/a3w-umh.odilo.es\/portalArchivo\/registro?id=00028692\">V\u00eddeo institucional UMH 2024 (versi\u00f3 8 minuts) Franc\u00e9s&nbsp;<\/a><\/li>\n<\/ul>\n<p>&nbsp;<\/p>","protected":false},"excerpt":{"rendered":"<p>&nbsp;<\/p>\n<p>V\u00eddeo institucional UMH 2024 (versi\u00f3 2 minuts) Castell\u00e0&nbsp;<br \/>\nV\u00eddeo institucional UMH 2024 (versi\u00f3 4 minuts) Castell\u00e0&nbsp;<br \/>\nV\u00eddeo institucional UMH 2024 (versi\u00f3 8 minuts) Castell\u00e0&nbsp;<\/p>\n<p>V\u00eddeo institucional UMH 2024 (versi\u00f3 2 minutos) Valenci\u00e0&nbsp;<br \/>\nV\u00eddeo institucional UMH 2024 (versi\u00f3 4 minuts) Valenci\u00e0&nbsp; &nbsp;<br \/>\nV\u00eddeo institucional UMH 2024 (versi\u00f3 8 minuts) Valenci\u00e0&nbsp;<\/p>\n<p>V\u00eddeo institucional UMH 2024 (versi\u00f3 2 minuts) Angl\u00e9s&nbsp;<br \/>\nV\u00eddeo institucional UMH 2024 (versi\u00f3 [&#8230;]<\/p>\n","protected":false},"author":787,"featured_media":0,"parent":0,"menu_order":0,"comment_status":"closed","ping_status":"closed","template":"","meta":{"ngg_post_thumbnail":0,"_links_to":"","_links_to_target":""},"_links":{"self":[{"href":"https:\/\/comunicacion.umh.es\/ca\/wp-json\/wp\/v2\/pages\/187526"}],"collection":[{"href":"https:\/\/comunicacion.umh.es\/ca\/wp-json\/wp\/v2\/pages"}],"about":[{"href":"https:\/\/comunicacion.umh.es\/ca\/wp-json\/wp\/v2\/types\/page"}],"author":[{"embeddable":true,"href":"https:\/\/comunicacion.umh.es\/ca\/wp-json\/wp\/v2\/users\/787"}],"replies":[{"embeddable":true,"href":"https:\/\/comunicacion.umh.es\/ca\/wp-json\/wp\/v2\/comments?post=187526"}],"version-history":[{"count":0,"href":"https:\/\/comunicacion.umh.es\/ca\/wp-json\/wp\/v2\/pages\/187526\/revisions"}],"wp:attachment":[{"href":"https:\/\/comunicacion.umh.es\/ca\/wp-json\/wp\/v2\/media?parent=187526"}],"curies":[{"name":"wp","href":"https:\/\/api.w.org\/{rel}","templated":true}]}}