{"id":255,"date":"2008-07-16T13:35:37","date_gmt":"2008-07-16T11:35:37","guid":{"rendered":"http:\/\/comunicacion.zeus.umh.es\/marketing-y-publicidad\/"},"modified":"2025-10-31T13:23:22","modified_gmt":"2025-10-31T12:23:22","slug":"publicidad","status":"publish","type":"page","link":"https:\/\/comunicacion.umh.es\/ca\/publicidad\/","title":{"rendered":"Publicidad"},"content":{"rendered":"<p>La Oficina trata de potenciar la imagen de la Universidad, a trav\u00e9s de folletos informativos, carteler\u00eda y campa\u00f1as de publicidad, encaminadas a que, tanto la publicidad interna como la externa de la Universidad, tengan el mayor impacto y repercusi\u00f3n posible en la sociedad.<\/p>\n<ul>\n<li><a href=\"https:\/\/comunicacion.umh.es\/publicidad\/imagen-corporativa\">Imagen Corporativa<\/a><\/li>\n<li><a href=\"https:\/\/comunicacion.umh.es\/publicidad\/logotipos\/\">Logotipos<\/a><\/li>\n<li><a href=\"https:\/\/comunicacion.umh.es\/publicidad\/merchandising\/\">Merchandising<\/a><\/li>\n<li><a href=\"https:\/\/comunicacion.umh.es\/publicidad\/folletos-de-titulaciones-2007\/\">Publicaciones<\/a><\/li>\n<\/ul>\n<p><\/p>","protected":false},"excerpt":{"rendered":"<p>La Oficina trata de potenciar la imagen de la Universidad, a trav\u00e9s de folletos informativos, carteler\u00eda y campa\u00f1as de publicidad, encaminadas a que, tanto la publicidad interna como la externa de la Universidad, tengan el mayor impacto y repercusi\u00f3n posible en la sociedad.<\/p>\n<p>Imagen Corporativa<br \/>\nLogotipos<br \/>\nMerchandising<br \/>\nPublicaciones<\/p>\n","protected":false},"author":322,"featured_media":0,"parent":0,"menu_order":2,"comment_status":"closed","ping_status":"open","template":"","meta":{"ngg_post_thumbnail":0,"_links_to":"","_links_to_target":""},"_links":{"self":[{"href":"https:\/\/comunicacion.umh.es\/ca\/wp-json\/wp\/v2\/pages\/255"}],"collection":[{"href":"https:\/\/comunicacion.umh.es\/ca\/wp-json\/wp\/v2\/pages"}],"about":[{"href":"https:\/\/comunicacion.umh.es\/ca\/wp-json\/wp\/v2\/types\/page"}],"author":[{"embeddable":true,"href":"https:\/\/comunicacion.umh.es\/ca\/wp-json\/wp\/v2\/users\/322"}],"replies":[{"embeddable":true,"href":"https:\/\/comunicacion.umh.es\/ca\/wp-json\/wp\/v2\/comments?post=255"}],"version-history":[{"count":0,"href":"https:\/\/comunicacion.umh.es\/ca\/wp-json\/wp\/v2\/pages\/255\/revisions"}],"wp:attachment":[{"href":"https:\/\/comunicacion.umh.es\/ca\/wp-json\/wp\/v2\/media?parent=255"}],"curies":[{"name":"wp","href":"https:\/\/api.w.org\/{rel}","templated":true}]}}