{"id":257,"date":"2008-07-16T13:38:13","date_gmt":"2008-07-16T11:38:13","guid":{"rendered":"http:\/\/comunicacion.zeus.umh.es\/merchandising\/"},"modified":"2026-03-04T14:30:26","modified_gmt":"2026-03-04T13:30:26","slug":"merchandising","status":"publish","type":"page","link":"https:\/\/comunicacion.umh.es\/ca\/publicidad\/merchandising\/","title":{"rendered":"Merchandising"},"content":{"rendered":"<p><\/p>\n<p data-sourcepos=\"1:1-1:71\"><strong>SOL\u00b7LICITUD DE PRODUCTES DE MERCHANDISING A TRAV\u00c9S DE COMANDES INTERNES<\/strong><\/p>\n<p data-sourcepos=\"3:1-3:286\">A partir d&#8217;ara, podr\u00e0s fer les teues comandes internes de manera m\u00e9s \u00e0gil i eficient a trav\u00e9s de la nostra botiga en l\u00ednia: tienda.umh.es. Ja no haur\u00e0s d&#8217;emplenar un Excel i enviar-lo per correu electr\u00f2nic, el proc\u00e9s de compra s&#8217;ha automatitzat, millorat i simplificat a trav\u00e9s del web.<\/p>\n<p data-sourcepos=\"5:1-5:13\"><strong>Com funciona?<\/strong><\/p>\n<p data-sourcepos=\"7:1-9:105\">Accedeix a <a href=\"http:\/\/tienda.umh.es\">tienda.umh.es<\/a> utilitzant el perfil d&#8217;<strong>usuari i contrasenya INSTITUCIONAL<\/strong> del teu servei, departament, institut, facultat, vicerectorat, etc. (o des d&#8217;una finestra en inc\u00f2gnit si no sols treballar des d&#8217;aquest perfil) Exemple: Si pertanys al Servei de Comunicaci\u00f3, el teu usuari seria <a href=\"mailto:comunicacion@umh.es\">comunicacion@umh.es<\/a>. Si desconeixes la contrasenya del teu compte institucional podr\u00e0s sol\u00b7licitar-la a trav\u00e9s del CAU. Explora el nostre cat\u00e0leg de productes, amb l&#8217;estoc actualitzat i fes la teua comanda de manera senzilla.<\/p>\n<p data-sourcepos=\"11:1-11:33\"><strong>Qu\u00e8 passa amb el formulari Excel?<\/strong><\/p>\n<p data-sourcepos=\"13:1-13:120\">Entenem que els canvis requereixen un per\u00edode d&#8217;adaptaci\u00f3. Per aix\u00f2, durant un temps, coexistiran totes dues modalitats:<\/p>\n<ul data-sourcepos=\"15:1-17:0\">\n<li data-sourcepos=\"15:1-15:79\">Comandes en l\u00ednia: A trav\u00e9s de <a href=\"mailto:tienda@umh.es\">tienda.umh.es<\/a> (l&#8217;opci\u00f3 m\u00e9s r\u00e0pida i eficient).<\/li>\n<li data-sourcepos=\"16:1-17:0\">Formulari Excel: Disponible en l&#8217;enlla\u00e7 seg\u00fcent <a href=\"https:\/\/comunicacion.umh.es\/files\/2025\/02\/Pedido-Interno-Merchandising-FORMULARIO-2025-02.xlsx\">Comanda-Interna-Merchandising-FORMULARI-2025-02<\/a><\/li>\n<\/ul>\n<p data-sourcepos=\"18:1-18:12\"><strong>Tens dubtes?<\/strong><\/p>\n<p data-sourcepos=\"20:1-20:70\">Hem elaborat una <a href=\"https:\/\/docs.google.com\/document\/d\/1kiPex2wTAeLd5OouwXzjkb58lA4psqOu\/edit?usp=sharing&amp;ouid=116154336078181673352&amp;rtpof=true&amp;sd=true\">GUIA<\/a> per a ajudar-te amb les teues primeres comandes.<\/p>\n<p data-sourcepos=\"22:1-22:115\">Si tens alguna pregunta o necessites assist\u00e8ncia, estem ac\u00ed per a ajudar-te, no dubtes a contactar-nos a trav\u00e9s de:<\/p>\n<ul data-sourcepos=\"24:1-26:0\">\n<li data-sourcepos=\"24:1-24:34\">Correu electr\u00f2nic: <a href=\"mailto:tienda@umh.es\">tienda@umh.es<\/a><\/li>\n<li data-sourcepos=\"25:1-26:0\">Tel\u00e8fon: 965 22 26 93<\/li>\n<\/ul>\n<p data-sourcepos=\"27:1-27:105\">Aquest nou proc\u00e9s \u00e9s m\u00e9s eficient i facilitar\u00e0 la gesti\u00f3 de les teues comandes internes de merchandising.<\/p>\n<p data-sourcepos=\"29:1-29:44\">&nbsp;<\/p>\n<p data-sourcepos=\"29:1-29:44\"><strong>GUIA PER A LA IMPUTACI\u00d3 DE FACTURES INTERNES<\/strong><\/p>\n<p data-sourcepos=\"31:1-31:187\">Per contra, si ha rebut una factura interna i no sap com ha de tramitar-la podr\u00e0 trobar la manera de fer-ho en la seg\u00fcent <a href=\"https:\/\/drive.google.com\/file\/d\/1J_GdWjyGTr0qNfCJrNc4ucfzgf6oQo2p\/view?usp=sharing\">Guia Pagament Factures Internes<\/a> (inclou els canvis en Documenta).<\/p>\n<p data-sourcepos=\"33:1-33:386\">Una vegada tramitats l&#8217;ADO i l&#8217;expedient de reserva de cr\u00e8dit, hauran de remetre tant l&#8217;ADO com la factura interna al Centre de Gesti\u00f3 de Campus corresponent, perqu\u00e8 procedisca a l&#8217;elaboraci\u00f3 de la proposta de transfer\u00e8ncies de cr\u00e8dits en aquells casos en qu\u00e8 resulte necessari la mateixa, i remissi\u00f3 de la documentaci\u00f3 al Servei d&#8217;Informaci\u00f3 Comptable, Gesti\u00f3 Financera i Pressupostos.<\/p>\n<p data-sourcepos=\"35:1-35:102\">Qualsevol dubte sobre aquest tema, per favor, contacte amb Agus Pe\u00f1alver (Ext. + 2502 |<a href=\"mailto:tienda@umh.es\">tienda@umh.es<\/a>).<\/p>\n<p><\/p>","protected":false},"excerpt":{"rendered":"<p>SOL\u00b7LICITUD DE PRODUCTES DE MERCHANDISING A TRAV\u00c9S DE COMANDES INTERNES<br \/>\nA partir d&#8217;ara, podr\u00e0s fer les teues comandes internes de manera m\u00e9s \u00e0gil i eficient a trav\u00e9s de la nostra botiga en l\u00ednia: tienda.umh.es. Ja no haur\u00e0s d&#8217;emplenar un Excel i enviar-lo per correu electr\u00f2nic, el proc\u00e9s de compra s&#8217;ha automatitzat, millorat i simplificat a trav\u00e9s [&#8230;]<\/p>\n","protected":false},"author":322,"featured_media":0,"parent":255,"menu_order":330,"comment_status":"closed","ping_status":"open","template":"","meta":{"ngg_post_thumbnail":0,"_links_to":"","_links_to_target":""},"_links":{"self":[{"href":"https:\/\/comunicacion.umh.es\/ca\/wp-json\/wp\/v2\/pages\/257"}],"collection":[{"href":"https:\/\/comunicacion.umh.es\/ca\/wp-json\/wp\/v2\/pages"}],"about":[{"href":"https:\/\/comunicacion.umh.es\/ca\/wp-json\/wp\/v2\/types\/page"}],"author":[{"embeddable":true,"href":"https:\/\/comunicacion.umh.es\/ca\/wp-json\/wp\/v2\/users\/322"}],"replies":[{"embeddable":true,"href":"https:\/\/comunicacion.umh.es\/ca\/wp-json\/wp\/v2\/comments?post=257"}],"version-history":[{"count":0,"href":"https:\/\/comunicacion.umh.es\/ca\/wp-json\/wp\/v2\/pages\/257\/revisions"}],"up":[{"embeddable":true,"href":"https:\/\/comunicacion.umh.es\/ca\/wp-json\/wp\/v2\/pages\/255"}],"wp:attachment":[{"href":"https:\/\/comunicacion.umh.es\/ca\/wp-json\/wp\/v2\/media?parent=257"}],"curies":[{"name":"wp","href":"https:\/\/api.w.org\/{rel}","templated":true}]}}