{"id":306,"date":"2009-02-03T16:16:17","date_gmt":"2009-02-03T14:16:17","guid":{"rendered":"http:\/\/comunicacion.zeus.umh.es\/carta-de-servicios\/"},"modified":"2022-05-16T10:40:03","modified_gmt":"2022-05-16T08:40:03","slug":"files201104indexhtml","status":"publish","type":"page","link":"https:\/\/comunicacion.umh.es\/ca\/presentacion\/files201104indexhtml\/","title":{"rendered":"Carta de Servicios"},"content":{"rendered":"<p>Contiene informaci\u00f3n sobre la misi\u00f3n, funciones, indicadores y compromisos de Calidad del Servicio de Comunicaci\u00f3n, Marketing y Atenci\u00f3n al Estudiantado. Pulse en la imagen de la carta de servicios.<\/p>\n<p><a href=\"https:\/\/cartadeservicios.umh.es\/cartas_servicio\/comunicacion\/index.html\" target=\"_blank\" rel=\"noopener\"><img loading=\"lazy\" class=\"wp-image-149761 aligncenter\" src=\"https:\/\/comunicacion.umh.es\/files\/2022\/01\/Carta-de-servicio.png\" alt=\"\" width=\"215\" height=\"210\" srcset=\"https:\/\/comunicacion.umh.es\/files\/2022\/01\/Carta-de-servicio.png 922w, https:\/\/comunicacion.umh.es\/files\/2022\/01\/Carta-de-servicio-300x293.png 300w, https:\/\/comunicacion.umh.es\/files\/2022\/01\/Carta-de-servicio-768x751.png 768w\" sizes=\"(max-width: 215px) 100vw, 215px\" \/><\/a><\/p>\n<p style=\"text-align: center\"><a href=\"https:\/\/cartadeservicios.umh.es\/cartas_servicio\/comunicacion\/index.html\">Carta de Servicios<\/a><\/p>\n<p><\/p>","protected":false},"excerpt":{"rendered":"<p>Contiene informaci\u00f3n sobre la misi\u00f3n, funciones, indicadores y compromisos de Calidad del Servicio de Comunicaci\u00f3n, Marketing y Atenci\u00f3n al Estudiantado. Pulse en la imagen de la carta de servicios.<\/p>\n<p>Carta de Servicios<\/p>\n","protected":false},"author":307,"featured_media":0,"parent":1238,"menu_order":50,"comment_status":"closed","ping_status":"open","template":"","meta":{"ngg_post_thumbnail":0,"_links_to":"","_links_to_target":""},"_links":{"self":[{"href":"https:\/\/comunicacion.umh.es\/ca\/wp-json\/wp\/v2\/pages\/306"}],"collection":[{"href":"https:\/\/comunicacion.umh.es\/ca\/wp-json\/wp\/v2\/pages"}],"about":[{"href":"https:\/\/comunicacion.umh.es\/ca\/wp-json\/wp\/v2\/types\/page"}],"author":[{"embeddable":true,"href":"https:\/\/comunicacion.umh.es\/ca\/wp-json\/wp\/v2\/users\/307"}],"replies":[{"embeddable":true,"href":"https:\/\/comunicacion.umh.es\/ca\/wp-json\/wp\/v2\/comments?post=306"}],"version-history":[{"count":0,"href":"https:\/\/comunicacion.umh.es\/ca\/wp-json\/wp\/v2\/pages\/306\/revisions"}],"up":[{"embeddable":true,"href":"https:\/\/comunicacion.umh.es\/ca\/wp-json\/wp\/v2\/pages\/1238"}],"wp:attachment":[{"href":"https:\/\/comunicacion.umh.es\/ca\/wp-json\/wp\/v2\/media?parent=306"}],"curies":[{"name":"wp","href":"https:\/\/api.w.org\/{rel}","templated":true}]}}