{"id":263,"date":"2008-07-17T12:51:35","date_gmt":"2008-07-17T10:51:35","guid":{"rendered":"http:\/\/comunicacion.zeus.umh.es\/prensa\/comunicacion-acontecimientos\/"},"modified":"2026-04-02T10:51:20","modified_gmt":"2026-04-02T08:51:20","slug":"comunicacion-acontecimientos","status":"publish","type":"page","link":"https:\/\/comunicacion.umh.es\/en\/prensa\/comunicacion-acontecimientos\/","title":{"rendered":"Procedimientos"},"content":{"rendered":"<p><\/p>\n<p><p><strong><\/strong><\/p>\n<p><strong><span style=\"color: #800000\"><a href=\"https:\/\/comunicacion.umh.es\/files\/2010\/12\/procedimiento-ruedas-de-prensa.pdf\">\u00bfC\u00f3mo convocar ruedas de prensa a traves de la Oficina de Comunicaci\u00f3n?<\/a><\/span><\/strong><\/p>\n<p><strong><span style=\"color: #800000\"><a href=\"https:\/\/comunicacion.umh.es\/files\/2009\/10\/procedimiento-publicar-en-noticias-umh1.pdf\">\u00bfC\u00f3mo publicar en &#8220;Noticias UMH&#8221;?<\/a><\/span><\/strong><\/p>\n<p><strong><\/strong><\/p>\n<p><strong><span style=\"color: #800000\">Tesis<\/span><\/strong><\/p>\n<p>Nombre de la tesis<\/p>\n<p>Nombre del autor y de los directores de tesis<\/p>\n<p>Departamento<\/p>\n<p>Fecha de lectura, hora y lugar<\/p>\n<p>Breve resumen (dos folios m\u00e1ximo) de la tesis con un lenguaje claro que facilite su comprensi\u00f3n (no va dirigido a expertos en la materia).<\/p>\n<p>El resumen debe incluir: conclusiones, posibles aplicaciones, muestra sobre la que se ha hecho la investigaci\u00f3n (si es posible), m\u00e9todo y cualquier aspecto relevante del trabajo.<\/p>\n<p>NOTA: La nota de prensa de la tesis se puede realizar antes o despu\u00e9s de la lectura del trabajo<\/p>\n<p><strong><\/strong><\/p>\n<p><strong><\/strong><\/p>\n<p><strong><span style=\"color: #800000\">Anuncio congresos, conferencias, reuniones cient\u00edficas<\/span><\/strong><\/p>\n<p>Nombre del congreso y n\u00famero de edici\u00f3n<\/p>\n<p>Fecha, lugar y hora donde se va a realizar<\/p>\n<p>N\u00famero de participantes<\/p>\n<p>Programa del evento<\/p>\n<p>A qui\u00e9n va dirigido<\/p>\n<p>Un breve texto donde se destaquen los aspectos m\u00e1s relevantes del congreso como el nombre y cargo de los ponentes m\u00e1s importantes, la participaci\u00f3n de congresistas extranjeros etc.<\/p>\n<p><strong><\/strong><\/p>\n<p>Si se pretende publicitar el acto para conseguir inscritos es necesario adjuntar tel\u00e9fono y direcci\u00f3n de correo donde se pueden dirigir las personas que deseen participar. Asimismo, se deber\u00e1 incluir el nombre de una persona de contacto y las fechas de inscripci\u00f3n.<\/p>\n<p><strong><span style=\"color: #800000\">Estudios\/ Proyectos de Investigaci\u00f3n<\/span><\/strong><\/p>\n<p><strong><\/strong><\/p>\n<p>Nombre del estudio<\/p>\n<p>Nombre del investigador principal<\/p>\n<p>Departamento\/Instituto de Investigaci\u00f3n<\/p>\n<p>Nombre de la entidad que financia el proyecto<\/p>\n<p>Breve resumen (dos folios m\u00e1ximo) del estudio con un lenguaje claro que facilite su comprensi\u00f3n (no va dirigido a expertos en la materia).<\/p>\n<p>El resumen debe incluir: conclusiones, posibles aplicaciones, muestra sobre la que se ha hecho la investigaci\u00f3n (si es posible), m\u00e9todo y cualquier aspecto relevante del trabajo.<\/p>\n<p><strong><\/strong><\/p>\n<p><strong><span style=\"color: #800000\">Exposiciones<\/span><\/strong><\/p>\n<p><strong><\/strong><\/p>\n<p>Nombre de la Exposici\u00f3n<\/p>\n<p>Nombre o nombres de los autores<\/p>\n<p>Departamento\/Facultad<\/p>\n<p>Fecha, hora y lugar de la inauguraci\u00f3n<\/p>\n<p>Fechas de la exposici\u00f3n<\/p>\n<p>N\u00famero de obras expuestas<\/p>\n<p>Breve resumen de los trabajos que integran la exposici\u00f3n para informar a los posibles visitantes.<\/p>\n<p>Para cualquier consulta: <a href=\"mailto:o.comunicacion@umh.es\">o.comunicacion@umh.es <\/a><\/p>\n<\/p>\n<p><\/p>","protected":false},"excerpt":{"rendered":"<p>\u00bfC\u00f3mo convocar ruedas de prensa a traves de la Oficina de Comunicaci\u00f3n?<br \/>\n\u00bfC\u00f3mo publicar en &#8220;Noticias UMH&#8221;?<\/p>\n<p>Tesis<br \/>\nNombre de la tesis<br \/>\nNombre del autor y de los directores de tesis<br \/>\nDepartamento<br \/>\nFecha de lectura, hora y lugar<br \/>\nBreve resumen (dos folios m\u00e1ximo) de la tesis con un lenguaje claro que facilite su comprensi\u00f3n (no va dirigido a expertos en la materia).<br \/>\nEl [&#8230;]<\/p>\n","protected":false},"author":1,"featured_media":0,"parent":256,"menu_order":210,"comment_status":"closed","ping_status":"open","template":"","meta":{"ngg_post_thumbnail":0,"_links_to":"","_links_to_target":""},"_links":{"self":[{"href":"https:\/\/comunicacion.umh.es\/en\/wp-json\/wp\/v2\/pages\/263"}],"collection":[{"href":"https:\/\/comunicacion.umh.es\/en\/wp-json\/wp\/v2\/pages"}],"about":[{"href":"https:\/\/comunicacion.umh.es\/en\/wp-json\/wp\/v2\/types\/page"}],"author":[{"embeddable":true,"href":"https:\/\/comunicacion.umh.es\/en\/wp-json\/wp\/v2\/users\/1"}],"replies":[{"embeddable":true,"href":"https:\/\/comunicacion.umh.es\/en\/wp-json\/wp\/v2\/comments?post=263"}],"version-history":[{"count":0,"href":"https:\/\/comunicacion.umh.es\/en\/wp-json\/wp\/v2\/pages\/263\/revisions"}],"up":[{"embeddable":true,"href":"https:\/\/comunicacion.umh.es\/en\/wp-json\/wp\/v2\/pages\/256"}],"wp:attachment":[{"href":"https:\/\/comunicacion.umh.es\/en\/wp-json\/wp\/v2\/media?parent=263"}],"curies":[{"name":"wp","href":"https:\/\/api.w.org\/{rel}","templated":true}]}}